    {"id":11661,"date":"2025-09-02T06:13:49","date_gmt":"2025-09-02T06:13:49","guid":{"rendered":"https:\/\/cropx.com\/?page_id=11661"},"modified":"2025-09-02T06:13:52","modified_gmt":"2025-09-02T06:13:52","slug":"sustainable-supply-chains","status":"publish","type":"page","link":"https:\/\/cropx.com\/es\/sustainable-supply-chains\/","title":{"rendered":"CropX Acquires Acclym"},"content":{"rendered":"<div data-elementor-type=\"wp-page\" data-elementor-id=\"11661\" class=\"elementor elementor-11661\" data-elementor-post-type=\"page\">\n\t\t\t\t<div class=\"elementor-element elementor-element-3753968 e-con-full e-flex e-con e-parent\" data-id=\"3753968\" data-element_type=\"container\" data-e-type=\"container\" data-settings=\"{&quot;background_background&quot;:&quot;classic&quot;}\">\n\t\t<div class=\"elementor-element elementor-element-99ff112 e-con-full e-flex e-con e-child\" data-id=\"99ff112\" data-element_type=\"container\" data-e-type=\"container\">\n\t\t\t\t<div class=\"elementor-element elementor-element-55c15a5 elementor-widget elementor-widget-heading\" data-id=\"55c15a5\" data-element_type=\"widget\" data-e-type=\"widget\" data-widget_type=\"heading.default\">\n\t\t\t\t<div class=\"elementor-widget-container\">\n\t\t\t\t\t<h1 class=\"elementor-heading-title elementor-size-default\">Acclym Joins CropX<\/h1>\t\t\t\t<\/div>\n\t\t\t\t<\/div>\n\t\t\t\t<div class=\"elementor-element elementor-element-e17bde9 elementor-widget elementor-widget-heading\" data-id=\"e17bde9\" data-element_type=\"widget\" data-e-type=\"widget\" data-widget_type=\"heading.default\">\n\t\t\t\t<div class=\"elementor-widget-container\">\n\t\t\t\t\t<h5 class=\"elementor-heading-title elementor-size-default\">Why did we acquire Acclym?<\/h5>\t\t\t\t<\/div>\n\t\t\t\t<\/div>\n\t\t\t\t<\/div>\n\t\t\t\t<\/div>\n\t\t<div class=\"elementor-element elementor-element-cf7246f e-flex e-con-boxed e-con e-parent\" data-id=\"cf7246f\" data-element_type=\"container\" data-e-type=\"container\" data-settings=\"{&quot;background_background&quot;:&quot;classic&quot;}\">\n\t\t\t\t\t<div class=\"e-con-inner\">\n\t\t<div class=\"elementor-element elementor-element-3d4043e e-flex e-con-boxed e-con e-child\" data-id=\"3d4043e\" data-element_type=\"container\" data-e-type=\"container\" data-settings=\"{&quot;background_background&quot;:&quot;classic&quot;}\">\n\t\t\t\t\t<div class=\"e-con-inner\">\n\t\t<div class=\"elementor-element elementor-element-f8966a9 e-con-full e-flex e-con e-child\" data-id=\"f8966a9\" data-element_type=\"container\" data-e-type=\"container\">\n\t\t\t\t<div class=\"elementor-element elementor-element-ce67a09 elementor-widget elementor-widget-text-editor\" data-id=\"ce67a09\" data-element_type=\"widget\" data-e-type=\"widget\" data-widget_type=\"text-editor.default\">\n\t\t\t\t<div class=\"elementor-widget-container\">\n\t\t\t\t\t\t\t\t\t<h2><b>Data Infrastructure for Sustainable Supply Chains <\/b>\u00a0<\/h2>\t\t\t\t\t\t\t\t<\/div>\n\t\t\t\t<\/div>\n\t\t\t\t<div class=\"elementor-element elementor-element-497c3b6 elementor-align-start elementor-icon-list--layout-traditional elementor-list-item-link-full_width elementor-widget elementor-widget-icon-list\" data-id=\"497c3b6\" data-element_type=\"widget\" data-e-type=\"widget\" data-widget_type=\"icon-list.default\">\n\t\t\t\t<div class=\"elementor-widget-container\">\n\t\t\t\t\t\t\t<ul class=\"elementor-icon-list-items\">\n\t\t\t\t\t\t\t<li class=\"elementor-icon-list-item\">\n\t\t\t\t\t\t\t\t\t\t\t<span class=\"elementor-icon-list-icon\">\n\t\t\t\t\t\t\t<i aria-hidden=\"true\" class=\"fas fa-check\"><\/i>\t\t\t\t\t\t<\/span>\n\t\t\t\t\t\t\t\t\t\t<span class=\"elementor-icon-list-text\"><b>Further Expanding Into Enterprise Agriculture:<\/b> The acquisition of Acclym marks a strategic milestone for CropX, expanding our capabilities from a farm-level agronomic platform to a global infrastructure partner for enterprise food and agriculture companies. <\/span>\n\t\t\t\t\t\t\t\t\t<\/li>\n\t\t\t\t\t\t\t\t<li class=\"elementor-icon-list-item\">\n\t\t\t\t\t\t\t\t\t\t\t<span class=\"elementor-icon-list-icon\">\n\t\t\t\t\t\t\t<i aria-hidden=\"true\" class=\"fas fa-check\"><\/i>\t\t\t\t\t\t<\/span>\n\t\t\t\t\t\t\t\t\t\t<span class=\"elementor-icon-list-text\"><b>A Growing Market Opportunity:<\/b> Sustainability is now a boardroom priority. Food companies need trusted, field-level data to prove their supply chains are sustainable. CropX and Acclym deliver a full-stack solution to measure and verify sustainability at scale.          Ask ChatGPT.<\/span>\n\t\t\t\t\t\t\t\t\t<\/li>\n\t\t\t\t\t\t\t\t<li class=\"elementor-icon-list-item\">\n\t\t\t\t\t\t\t\t\t\t\t<span class=\"elementor-icon-list-icon\">\n\t\t\t\t\t\t\t<i aria-hidden=\"true\" class=\"fas fa-check\"><\/i>\t\t\t\t\t\t<\/span>\n\t\t\t\t\t\t\t\t\t\t<span class=\"elementor-icon-list-text\"><b>Proven Platform, Strategic Clients: <\/b>Acclym\u2019s platform is trusted by leaders like AB InBev, Nestl\u00e9, and General Mills to monitor millions of acres in 30+ countries. Its remote monitoring and supply chain analytics perfectly complement CropX\u2019s in-field soil and weather systems, together delivering unmatched visibility from soil to supply chain.<\/span>\n\t\t\t\t\t\t\t\t\t<\/li>\n\t\t\t\t\t\t\t\t<li class=\"elementor-icon-list-item\">\n\t\t\t\t\t\t\t\t\t\t\t<span class=\"elementor-icon-list-icon\">\n\t\t\t\t\t\t\t<i aria-hidden=\"true\" class=\"fas fa-check\"><\/i>\t\t\t\t\t\t<\/span>\n\t\t\t\t\t\t\t\t\t\t<span class=\"elementor-icon-list-text\"><b>Scalable Solutions for Regenerative Agriculture:<\/b> With Acclym, we help enterprises measure outcomes across thousands of farms, giving them the data confidence to support growers and meet sustainability goals.<\/span>\n\t\t\t\t\t\t\t\t\t<\/li>\n\t\t\t\t\t\t\t\t<li class=\"elementor-icon-list-item\">\n\t\t\t\t\t\t\t\t\t\t\t<span class=\"elementor-icon-list-icon\">\n\t\t\t\t\t\t\t<i aria-hidden=\"true\" class=\"fas fa-check\"><\/i>\t\t\t\t\t\t<\/span>\n\t\t\t\t\t\t\t\t\t\t<span class=\"elementor-icon-list-text\"><b>Global Reach, Local Impact:<\/b> Acclym operates in key global farming regions. With CropX\u2019s R&amp;D and field support, we\u2019ll scale Acclym\u2019s technology faster, connecting farmers and enterprises through one unified agronomy platform.<\/span>\n\t\t\t\t\t\t\t\t\t<\/li>\n\t\t\t\t\t\t<\/ul>\n\t\t\t\t\t\t<\/div>\n\t\t\t\t<\/div>\n\t\t\t\t<div class=\"elementor-element elementor-element-62c5342 elementor-widget elementor-widget-text-editor\" data-id=\"62c5342\" data-element_type=\"widget\" data-e-type=\"widget\" data-widget_type=\"text-editor.default\">\n\t\t\t\t<div class=\"elementor-widget-container\">\n\t\t\t\t\t\t\t\t\t<p><b>Obt\u00e9n m\u00e1s informaci\u00f3n sobre integraciones y oportunidades de colaboraci\u00f3n.\u00a0\u00a0<\/b><\/p>\t\t\t\t\t\t\t\t<\/div>\n\t\t\t\t<\/div>\n\t\t\t\t<div class=\"elementor-element elementor-element-193570f elementor-widget__width-initial elementor-widget elementor-widget-button\" data-id=\"193570f\" data-element_type=\"widget\" data-e-type=\"widget\" data-widget_type=\"button.default\">\n\t\t\t\t<div class=\"elementor-widget-container\">\n\t\t\t\t\t\t\t\t\t<div class=\"elementor-button-wrapper\">\n\t\t\t\t\t<a class=\"elementor-button elementor-button-link elementor-size-sm\" href=\"#section_contact\">\n\t\t\t\t\t\t<span class=\"elementor-button-content-wrapper\">\n\t\t\t\t\t\t\t\t\t<span class=\"elementor-button-text\">Contact Us!<\/span>\n\t\t\t\t\t<\/span>\n\t\t\t\t\t<\/a>\n\t\t\t\t<\/div>\n\t\t\t\t\t\t\t\t<\/div>\n\t\t\t\t<\/div>\n\t\t\t\t<\/div>\n\t\t<div class=\"elementor-element elementor-element-8380bce e-con-full e-flex e-con e-child\" data-id=\"8380bce\" data-element_type=\"container\" data-e-type=\"container\" data-settings=\"{&quot;background_background&quot;:&quot;classic&quot;}\">\n\t\t<div class=\"elementor-element elementor-element-84172f5 e-con-full e-flex e-con e-child\" data-id=\"84172f5\" data-element_type=\"container\" data-e-type=\"container\">\n\t\t<div class=\"elementor-element elementor-element-b9ab8e2 e-con-full e-flex e-con e-child\" data-id=\"b9ab8e2\" data-element_type=\"container\" data-e-type=\"container\" data-settings=\"{&quot;background_background&quot;:&quot;classic&quot;}\">\n\t\t\t\t<\/div>\n\t\t<div class=\"elementor-element elementor-element-b5c3143 e-con-full e-flex e-con e-child\" data-id=\"b5c3143\" data-element_type=\"container\" data-e-type=\"container\" data-settings=\"{&quot;background_background&quot;:&quot;classic&quot;}\">\n\t\t\t\t<\/div>\n\t\t\t\t<\/div>\n\t\t\t\t<\/div>\n\t\t\t\t\t<\/div>\n\t\t\t\t<\/div>\n\t\t\t\t\t<\/div>\n\t\t\t\t<\/div>\n\t\t<div class=\"elementor-element elementor-element-646c823 e-flex e-con-boxed e-con e-child\" data-id=\"646c823\" data-element_type=\"container\" data-e-type=\"container\" id=\"section_contact\" data-settings=\"{&quot;background_background&quot;:&quot;classic&quot;}\">\n\t\t\t\t\t<div class=\"e-con-inner\">\n\t\t<div class=\"elementor-element elementor-element-7fc3ea9 e-con-full e-flex e-con e-child\" data-id=\"7fc3ea9\" data-element_type=\"container\" data-e-type=\"container\">\n\t\t\t\t<div class=\"elementor-element elementor-element-17afbe1 elementor-widget elementor-widget-heading\" data-id=\"17afbe1\" data-element_type=\"widget\" data-e-type=\"widget\" data-widget_type=\"heading.default\">\n\t\t\t\t<div class=\"elementor-widget-container\">\n\t\t\t\t\t<h2 class=\"elementor-heading-title elementor-size-default\">Want to know more?<\/h2>\t\t\t\t<\/div>\n\t\t\t\t<\/div>\n\t\t\t\t<div class=\"elementor-element elementor-element-3795ecb elementor-widget elementor-widget-text-editor\" data-id=\"3795ecb\" data-element_type=\"widget\" data-e-type=\"widget\" data-widget_type=\"text-editor.default\">\n\t\t\t\t<div class=\"elementor-widget-container\">\n\t\t\t\t\t\t\t\t\t<p>Leave your contact info and we will get in touch with you!<\/p><ul><li>Request a demo<\/li><li>Become a CropX dealer<\/li><li>Partner with CropX<\/li><li>Receive information and updates\u00a0<\/li><\/ul><p>Or contact us via <span style=\"text-align: var(--text-align);\"><a href=\"mailto:sales@cropx.com\">sales@cropx.com<\/a><\/span><\/p><p>\u00a0<\/p>\t\t\t\t\t\t\t\t<\/div>\n\t\t\t\t<\/div>\n\t\t\t\t<\/div>\n\t\t\t\t\t<\/div>\n\t\t\t\t<\/div>\n\t\t<div class=\"elementor-element elementor-element-3859d69 e-flex e-con-boxed e-con e-parent\" data-id=\"3859d69\" data-element_type=\"container\" data-e-type=\"container\">\n\t\t\t\t\t<div class=\"e-con-inner\">\n\t\t\t\t<div class=\"elementor-element elementor-element-0498c92 elementor-widget elementor-widget-heading\" data-id=\"0498c92\" data-element_type=\"widget\" data-e-type=\"widget\" data-widget_type=\"heading.default\">\n\t\t\t\t<div class=\"elementor-widget-container\">\n\t\t\t\t\t<h2 class=\"elementor-heading-title elementor-size-default\">Learn more about Acclym and other acquisitions<\/h2>\t\t\t\t<\/div>\n\t\t\t\t<\/div>\n\t\t\t\t<div class=\"elementor-element elementor-element-3d35dca elementor-posts--align-left elementor-grid-3 elementor-grid-tablet-2 elementor-grid-mobile-1 elementor-posts--thumbnail-top elementor-widget elementor-widget-posts\" data-id=\"3d35dca\" data-element_type=\"widget\" data-e-type=\"widget\" data-settings=\"{&quot;classic_row_gap&quot;:{&quot;unit&quot;:&quot;px&quot;,&quot;size&quot;:20,&quot;sizes&quot;:[]},&quot;classic_columns&quot;:&quot;3&quot;,&quot;classic_columns_tablet&quot;:&quot;2&quot;,&quot;classic_columns_mobile&quot;:&quot;1&quot;,&quot;classic_row_gap_tablet&quot;:{&quot;unit&quot;:&quot;px&quot;,&quot;size&quot;:&quot;&quot;,&quot;sizes&quot;:[]},&quot;classic_row_gap_mobile&quot;:{&quot;unit&quot;:&quot;px&quot;,&quot;size&quot;:&quot;&quot;,&quot;sizes&quot;:[]}}\" data-widget_type=\"posts.classic\">\n\t\t\t\t<div class=\"elementor-widget-container\">\n\t\t\t\t\t\t\t<div class=\"elementor-posts-container elementor-posts elementor-posts--skin-classic elementor-grid\">\n\t\t\t\t<article class=\"elementor-post elementor-grid-item post-11617 post type-post status-publish format-standard has-post-thumbnail hentry category-company-news category-press-releases tag-acclym tag-acquisition tag-ag-tech tag-agriculture tag-sustainability\">\n\t\t\t\t<a class=\"elementor-post__thumbnail__link\" href=\"https:\/\/cropx.com\/es\/2025\/09\/02\/cropx-acquires-acclym-pr\/\" tabindex=\"-1\" >\n\t\t\t<div class=\"elementor-post__thumbnail\"><img fetchpriority=\"high\" decoding=\"async\" width=\"300\" height=\"185\" src=\"https:\/\/cropx.com\/wp-content\/uploads\/2025\/07\/Acclym-CropX-Header-v2-300x185.jpg\" class=\"attachment-medium size-medium wp-image-11643\" alt=\"\" srcset=\"https:\/\/cropx.com\/wp-content\/uploads\/2025\/07\/Acclym-CropX-Header-v2-300x185.jpg 300w, https:\/\/cropx.com\/wp-content\/uploads\/2025\/07\/Acclym-CropX-Header-v2-1024x631.jpg 1024w, https:\/\/cropx.com\/wp-content\/uploads\/2025\/07\/Acclym-CropX-Header-v2-768x473.jpg 768w, https:\/\/cropx.com\/wp-content\/uploads\/2025\/07\/Acclym-CropX-Header-v2-1536x946.jpg 1536w, https:\/\/cropx.com\/wp-content\/uploads\/2025\/07\/Acclym-CropX-Header-v2-18x12.jpg 18w, https:\/\/cropx.com\/wp-content\/uploads\/2025\/07\/Acclym-CropX-Header-v2.jpg 2048w\" sizes=\"(max-width: 300px) 100vw, 300px\" \/><\/div>\n\t\t<\/a>\n\t\t\t\t<div class=\"elementor-post__text\">\n\t\t\t\t<h3 class=\"elementor-post__title\">\n\t\t\t<a href=\"https:\/\/cropx.com\/es\/2025\/09\/02\/cropx-acquires-acclym-pr\/\" >\n\t\t\t\tCropX adquiere Acclym (anteriormente Agritask) para impulsar sistemas alimentarios sostenibles a escala empresarial\u00a0\t\t\t<\/a>\n\t\t<\/h3>\n\t\t\t\t<\/div>\n\t\t\t\t<\/article>\n\t\t\t\t<article class=\"elementor-post elementor-grid-item post-9787 post type-post status-publish format-standard has-post-thumbnail hentry category-company-news category-press-releases tag-acquisition tag-agriculture tag-agtech tag-fertilizer tag-irrigation tag-nitrogen tag-precision tag-sustainable-farming\">\n\t\t\t\t<a class=\"elementor-post__thumbnail__link\" href=\"https:\/\/cropx.com\/es\/2024\/09\/18\/cropx-acquires-engeniousag\/\" tabindex=\"-1\" >\n\t\t\t<div class=\"elementor-post__thumbnail\"><img decoding=\"async\" width=\"300\" height=\"252\" src=\"https:\/\/cropx.com\/wp-content\/uploads\/2024\/09\/EGA_backgroundimage-300x252.jpg\" class=\"attachment-medium size-medium wp-image-9788\" alt=\"\" srcset=\"https:\/\/cropx.com\/wp-content\/uploads\/2024\/09\/EGA_backgroundimage-300x252.jpg 300w, https:\/\/cropx.com\/wp-content\/uploads\/2024\/09\/EGA_backgroundimage-1024x858.jpg 1024w, https:\/\/cropx.com\/wp-content\/uploads\/2024\/09\/EGA_backgroundimage-768x644.jpg 768w, https:\/\/cropx.com\/wp-content\/uploads\/2024\/09\/EGA_backgroundimage-14x12.jpg 14w, https:\/\/cropx.com\/wp-content\/uploads\/2024\/09\/EGA_backgroundimage.jpg 1058w\" sizes=\"(max-width: 300px) 100vw, 300px\" \/><\/div>\n\t\t<\/a>\n\t\t\t\t<div class=\"elementor-post__text\">\n\t\t\t\t<h3 class=\"elementor-post__title\">\n\t\t\t<a href=\"https:\/\/cropx.com\/es\/2024\/09\/18\/cropx-acquires-engeniousag\/\" >\n\t\t\t\tCropX adquiere EnGeniousAg por su innovadora tecnolog\u00eda de detecci\u00f3n de nitr\u00f3geno\t\t\t<\/a>\n\t\t<\/h3>\n\t\t\t\t<\/div>\n\t\t\t\t<\/article>\n\t\t\t\t<article class=\"elementor-post elementor-grid-item post-7526 post type-post status-publish format-standard has-post-thumbnail hentry category-company-news category-press-releases tag-acquisition tag-aus tag-australia tag-irrigation tag-precision\">\n\t\t\t\t<a class=\"elementor-post__thumbnail__link\" href=\"https:\/\/cropx.com\/es\/2023\/12\/07\/cropx-acquires-green-brain-pr\/\" tabindex=\"-1\" >\n\t\t\t<div class=\"elementor-post__thumbnail\"><img decoding=\"async\" width=\"300\" height=\"200\" src=\"https:\/\/cropx.com\/wp-content\/uploads\/2023\/12\/iStock-1067773046-300x200.jpg\" class=\"attachment-medium size-medium wp-image-7631\" alt=\"\" srcset=\"https:\/\/cropx.com\/wp-content\/uploads\/2023\/12\/iStock-1067773046-300x200.jpg 300w, https:\/\/cropx.com\/wp-content\/uploads\/2023\/12\/iStock-1067773046-1024x683.jpg 1024w, https:\/\/cropx.com\/wp-content\/uploads\/2023\/12\/iStock-1067773046-768x512.jpg 768w, https:\/\/cropx.com\/wp-content\/uploads\/2023\/12\/iStock-1067773046-1536x1024.jpg 1536w, https:\/\/cropx.com\/wp-content\/uploads\/2023\/12\/iStock-1067773046-2048x1365.jpg 2048w, https:\/\/cropx.com\/wp-content\/uploads\/2023\/12\/iStock-1067773046-18x12.jpg 18w\" sizes=\"(max-width: 300px) 100vw, 300px\" \/><\/div>\n\t\t<\/a>\n\t\t\t\t<div class=\"elementor-post__text\">\n\t\t\t\t<h3 class=\"elementor-post__title\">\n\t\t\t<a href=\"https:\/\/cropx.com\/es\/2023\/12\/07\/cropx-acquires-green-brain-pr\/\" >\n\t\t\t\tCropX acquires Green Brain to expand in Australia\t\t\t<\/a>\n\t\t<\/h3>\n\t\t\t\t<\/div>\n\t\t\t\t<\/article>\n\t\t\t\t<\/div>\n\t\t\n\t\t\t\t\t\t<\/div>\n\t\t\t\t<\/div>\n\t\t\t\t\t<\/div>\n\t\t\t\t<\/div>\n\t\t\t\t<\/div>","protected":false},"excerpt":{"rendered":"<p>CropX acquires Acclym to expand enterprise-scale farm management, supporting global food brands with sustainable, regenerative supply chain solutions.<\/p>","protected":false},"author":2,"featured_media":9771,"parent":0,"menu_order":0,"comment_status":"closed","ping_status":"closed","template":"elementor_header_footer","meta":{"_acf_changed":false,"inline_featured_image":false,"footnotes":""},"class_list":["post-11661","page","type-page","status-publish","has-post-thumbnail","hentry"],"acf":[],"yoast_head":"<!-- This site is optimized with the Yoast SEO Premium plugin v26.8 (Yoast SEO v27.4) - https:\/\/yoast.com\/product\/yoast-seo-premium-wordpress\/ -->\n<title>CropX Acquires Acclym for Sustainable Supply Chains<\/title>\n<meta name=\"description\" content=\"In its 7th acquisition, CropX acquires Acclym, an enterprise-grade agricultural intelligence company.\" \/>\n<meta name=\"robots\" content=\"noindex, nofollow\" \/>\n<meta property=\"og:locale\" content=\"es_ES\" \/>\n<meta property=\"og:type\" content=\"article\" \/>\n<meta property=\"og:title\" content=\"CropX Acquires Acclym\" \/>\n<meta property=\"og:description\" content=\"In its 7th acquisition, CropX acquires Acclym, an enterprise-grade agricultural intelligence company.\" \/>\n<meta property=\"og:url\" content=\"https:\/\/cropx.com\/es\/sustainable-supply-chains\/\" \/>\n<meta property=\"og:site_name\" content=\"CropX Digital Agronomy Platform and Farm Management System\" \/>\n<meta property=\"article:publisher\" content=\"https:\/\/www.facebook.com\/CropXGlobal\" \/>\n<meta property=\"article:modified_time\" content=\"2025-09-02T06:13:52+00:00\" \/>\n<meta property=\"og:image\" content=\"https:\/\/cropx.com\/wp-content\/uploads\/2024\/09\/iStock-168351414-1024x683.jpg\" \/>\n\t<meta property=\"og:image:width\" content=\"1024\" \/>\n\t<meta property=\"og:image:height\" content=\"683\" \/>\n\t<meta property=\"og:image:type\" content=\"image\/jpeg\" \/>\n<meta name=\"twitter:card\" content=\"summary_large_image\" \/>\n<meta name=\"twitter:site\" content=\"@crop_x\" \/>\n<meta name=\"twitter:label1\" content=\"Tiempo de lectura\" \/>\n\t<meta name=\"twitter:data1\" content=\"2 minutos\" \/>\n<script type=\"application\/ld+json\" class=\"yoast-schema-graph\">{\"@context\":\"https:\\\/\\\/schema.org\",\"@graph\":[{\"@type\":\"WebPage\",\"@id\":\"https:\\\/\\\/cropx.com\\\/sustainable-supply-chains\\\/\",\"url\":\"https:\\\/\\\/cropx.com\\\/sustainable-supply-chains\\\/\",\"name\":\"CropX Acquires Acclym for Sustainable Supply Chains\",\"isPartOf\":{\"@id\":\"https:\\\/\\\/omujecld.elementor.cloud\\\/#website\"},\"primaryImageOfPage\":{\"@id\":\"https:\\\/\\\/cropx.com\\\/sustainable-supply-chains\\\/#primaryimage\"},\"image\":{\"@id\":\"https:\\\/\\\/cropx.com\\\/sustainable-supply-chains\\\/#primaryimage\"},\"thumbnailUrl\":\"https:\\\/\\\/cropx.com\\\/wp-content\\\/uploads\\\/2024\\\/09\\\/iStock-168351414.jpg\",\"datePublished\":\"2025-09-02T06:13:49+00:00\",\"dateModified\":\"2025-09-02T06:13:52+00:00\",\"description\":\"In its 7th acquisition, CropX acquires Acclym, an enterprise-grade agricultural intelligence company.\",\"breadcrumb\":{\"@id\":\"https:\\\/\\\/cropx.com\\\/sustainable-supply-chains\\\/#breadcrumb\"},\"inLanguage\":\"es\",\"potentialAction\":[{\"@type\":\"ReadAction\",\"target\":[\"https:\\\/\\\/cropx.com\\\/sustainable-supply-chains\\\/\"]}]},{\"@type\":\"ImageObject\",\"inLanguage\":\"es\",\"@id\":\"https:\\\/\\\/cropx.com\\\/sustainable-supply-chains\\\/#primaryimage\",\"url\":\"https:\\\/\\\/cropx.com\\\/wp-content\\\/uploads\\\/2024\\\/09\\\/iStock-168351414.jpg\",\"contentUrl\":\"https:\\\/\\\/cropx.com\\\/wp-content\\\/uploads\\\/2024\\\/09\\\/iStock-168351414.jpg\",\"width\":2121,\"height\":1414,\"caption\":\"cornfield at sunset in Illinois\"},{\"@type\":\"BreadcrumbList\",\"@id\":\"https:\\\/\\\/cropx.com\\\/sustainable-supply-chains\\\/#breadcrumb\",\"itemListElement\":[{\"@type\":\"ListItem\",\"position\":1,\"name\":\"Home\",\"item\":\"https:\\\/\\\/cropx.com\\\/\"},{\"@type\":\"ListItem\",\"position\":2,\"name\":\"CropX Acquires Acclym\"}]},{\"@type\":\"WebSite\",\"@id\":\"https:\\\/\\\/omujecld.elementor.cloud\\\/#website\",\"url\":\"https:\\\/\\\/omujecld.elementor.cloud\\\/\",\"name\":\"CropX Digital Agronomy Platform and Farm Management System\",\"description\":\"CropX is the world\u2019s leading digital agronomy platform for farmers, dealers, and agribusinesses\",\"publisher\":{\"@id\":\"https:\\\/\\\/omujecld.elementor.cloud\\\/#organization\"},\"potentialAction\":[{\"@type\":\"SearchAction\",\"target\":{\"@type\":\"EntryPoint\",\"urlTemplate\":\"https:\\\/\\\/omujecld.elementor.cloud\\\/?s={search_term_string}\"},\"query-input\":{\"@type\":\"PropertyValueSpecification\",\"valueRequired\":true,\"valueName\":\"search_term_string\"}}],\"inLanguage\":\"es\"},{\"@type\":\"Organization\",\"@id\":\"https:\\\/\\\/omujecld.elementor.cloud\\\/#organization\",\"name\":\"CropX\",\"url\":\"https:\\\/\\\/omujecld.elementor.cloud\\\/\",\"logo\":{\"@type\":\"ImageObject\",\"inLanguage\":\"es\",\"@id\":\"https:\\\/\\\/omujecld.elementor.cloud\\\/#\\\/schema\\\/logo\\\/image\\\/\",\"url\":\"https:\\\/\\\/cropx.com\\\/wp-content\\\/uploads\\\/2022\\\/09\\\/Screenshot-2025-01-06-at-1.48.59\u202fPM.png\",\"contentUrl\":\"https:\\\/\\\/cropx.com\\\/wp-content\\\/uploads\\\/2022\\\/09\\\/Screenshot-2025-01-06-at-1.48.59\u202fPM.png\",\"width\":876,\"height\":372,\"caption\":\"CropX\"},\"image\":{\"@id\":\"https:\\\/\\\/omujecld.elementor.cloud\\\/#\\\/schema\\\/logo\\\/image\\\/\"},\"sameAs\":[\"https:\\\/\\\/www.facebook.com\\\/CropXGlobal\",\"https:\\\/\\\/x.com\\\/crop_x\",\"https:\\\/\\\/www.linkedin.com\\\/company\\\/cropx-ltd\\\/\",\"https:\\\/\\\/www.youtube.com\\\/@cropxagronomicFMS\"]}]}<\/script>\n<!-- \/ Yoast SEO Premium plugin. -->","yoast_head_json":{"title":"CropX Acquires Acclym for Sustainable Supply Chains","description":"In its 7th acquisition, CropX acquires Acclym, an enterprise-grade agricultural intelligence company.","robots":{"index":"noindex","follow":"nofollow"},"og_locale":"es_ES","og_type":"article","og_title":"CropX Acquires Acclym","og_description":"In its 7th acquisition, CropX acquires Acclym, an enterprise-grade agricultural intelligence company.","og_url":"https:\/\/cropx.com\/es\/sustainable-supply-chains\/","og_site_name":"CropX Digital Agronomy Platform and Farm Management System","article_publisher":"https:\/\/www.facebook.com\/CropXGlobal","article_modified_time":"2025-09-02T06:13:52+00:00","og_image":[{"width":1024,"height":683,"url":"https:\/\/cropx.com\/wp-content\/uploads\/2024\/09\/iStock-168351414-1024x683.jpg","type":"image\/jpeg"}],"twitter_card":"summary_large_image","twitter_site":"@crop_x","twitter_misc":{"Tiempo de lectura":"2 minutos"},"schema":{"@context":"https:\/\/schema.org","@graph":[{"@type":"WebPage","@id":"https:\/\/cropx.com\/sustainable-supply-chains\/","url":"https:\/\/cropx.com\/sustainable-supply-chains\/","name":"CropX Acquires Acclym for Sustainable Supply Chains","isPartOf":{"@id":"https:\/\/omujecld.elementor.cloud\/#website"},"primaryImageOfPage":{"@id":"https:\/\/cropx.com\/sustainable-supply-chains\/#primaryimage"},"image":{"@id":"https:\/\/cropx.com\/sustainable-supply-chains\/#primaryimage"},"thumbnailUrl":"https:\/\/cropx.com\/wp-content\/uploads\/2024\/09\/iStock-168351414.jpg","datePublished":"2025-09-02T06:13:49+00:00","dateModified":"2025-09-02T06:13:52+00:00","description":"In its 7th acquisition, CropX acquires Acclym, an enterprise-grade agricultural intelligence company.","breadcrumb":{"@id":"https:\/\/cropx.com\/sustainable-supply-chains\/#breadcrumb"},"inLanguage":"es","potentialAction":[{"@type":"ReadAction","target":["https:\/\/cropx.com\/sustainable-supply-chains\/"]}]},{"@type":"ImageObject","inLanguage":"es","@id":"https:\/\/cropx.com\/sustainable-supply-chains\/#primaryimage","url":"https:\/\/cropx.com\/wp-content\/uploads\/2024\/09\/iStock-168351414.jpg","contentUrl":"https:\/\/cropx.com\/wp-content\/uploads\/2024\/09\/iStock-168351414.jpg","width":2121,"height":1414,"caption":"cornfield at sunset in Illinois"},{"@type":"BreadcrumbList","@id":"https:\/\/cropx.com\/sustainable-supply-chains\/#breadcrumb","itemListElement":[{"@type":"ListItem","position":1,"name":"Home","item":"https:\/\/cropx.com\/"},{"@type":"ListItem","position":2,"name":"CropX Acquires Acclym"}]},{"@type":"WebSite","@id":"https:\/\/omujecld.elementor.cloud\/#website","url":"https:\/\/omujecld.elementor.cloud\/","name":"CropX Digital Agronomy Platform and Farm Management System","description":"CropX is the world\u2019s leading digital agronomy platform for farmers, dealers, and agribusinesses","publisher":{"@id":"https:\/\/omujecld.elementor.cloud\/#organization"},"potentialAction":[{"@type":"SearchAction","target":{"@type":"EntryPoint","urlTemplate":"https:\/\/omujecld.elementor.cloud\/?s={search_term_string}"},"query-input":{"@type":"PropertyValueSpecification","valueRequired":true,"valueName":"search_term_string"}}],"inLanguage":"es"},{"@type":"Organization","@id":"https:\/\/omujecld.elementor.cloud\/#organization","name":"CropX","url":"https:\/\/omujecld.elementor.cloud\/","logo":{"@type":"ImageObject","inLanguage":"es","@id":"https:\/\/omujecld.elementor.cloud\/#\/schema\/logo\/image\/","url":"https:\/\/cropx.com\/wp-content\/uploads\/2022\/09\/Screenshot-2025-01-06-at-1.48.59\u202fPM.png","contentUrl":"https:\/\/cropx.com\/wp-content\/uploads\/2022\/09\/Screenshot-2025-01-06-at-1.48.59\u202fPM.png","width":876,"height":372,"caption":"CropX"},"image":{"@id":"https:\/\/omujecld.elementor.cloud\/#\/schema\/logo\/image\/"},"sameAs":["https:\/\/www.facebook.com\/CropXGlobal","https:\/\/x.com\/crop_x","https:\/\/www.linkedin.com\/company\/cropx-ltd\/","https:\/\/www.youtube.com\/@cropxagronomicFMS"]}]}},"_links":{"self":[{"href":"https:\/\/cropx.com\/es\/wp-json\/wp\/v2\/pages\/11661","targetHints":{"allow":["GET"]}}],"collection":[{"href":"https:\/\/cropx.com\/es\/wp-json\/wp\/v2\/pages"}],"about":[{"href":"https:\/\/cropx.com\/es\/wp-json\/wp\/v2\/types\/page"}],"author":[{"embeddable":true,"href":"https:\/\/cropx.com\/es\/wp-json\/wp\/v2\/users\/2"}],"replies":[{"embeddable":true,"href":"https:\/\/cropx.com\/es\/wp-json\/wp\/v2\/comments?post=11661"}],"version-history":[{"count":20,"href":"https:\/\/cropx.com\/es\/wp-json\/wp\/v2\/pages\/11661\/revisions"}],"predecessor-version":[{"id":12030,"href":"https:\/\/cropx.com\/es\/wp-json\/wp\/v2\/pages\/11661\/revisions\/12030"}],"wp:featuredmedia":[{"embeddable":true,"href":"https:\/\/cropx.com\/es\/wp-json\/wp\/v2\/media\/9771"}],"wp:attachment":[{"href":"https:\/\/cropx.com\/es\/wp-json\/wp\/v2\/media?parent=11661"}],"curies":[{"name":"wp","href":"https:\/\/api.w.org\/{rel}","templated":true}]}}